{"id":219,"date":"2020-05-02T14:03:55","date_gmt":"2020-05-02T12:03:55","guid":{"rendered":"https:\/\/meine2gesichter.de\/hamburg\/?page_id=219"},"modified":"2020-07-16T09:36:07","modified_gmt":"2020-07-16T07:36:07","slug":"start","status":"publish","type":"page","link":"https:\/\/meine2gesichter.de\/hamburg\/","title":{"rendered":"Start"},"content":{"rendered":"\n<section id=\"section-f3c9d68e-3125-42b8-b53a-80e101bfb535\" class=\"wp-block-gutentor-image-slider alignfull gutentor-section gutentor-image-slider imageSlider-template1\"><div class=\"gutentor-grid-item-wrap\"><div class=\"gutentor-slider-wrapper\" data-dots=\"true\" data-dots-tablet=\"false\" data-dots-mobile=\"false\" data-arrows=\"true\" data-arrows-tablet=\"false\" data-arrows-mobile=\"false\" data-infinite=\"true\" data-nextarrow=\"fas fa-angle-right\" data-prevarrow=\"fas fa-angle-left\" data-autoplay=\"true\" data-autoplayspeed=\"7000\" data-blockimagesliderfade=\"true\" data-speed=\"900\"><div class=\"gutentor-slider-item\"><div class=\"gutentor-single-item gutentor-single-item-0\"><div class=\"gutentor-single-item-wrap\"><div class=\"gutentor-single-item-image-box\"><div class=\"gutentor-bg-image\"><\/div><\/div><div class=\"gutentor-single-item-content\"><div class=\"grid-container\"><div class=\"slider-caption text-center\"><h2 class=\"gutentor-single-item-title\">\u201aMeine 2 Gesichter\u2018<\/h2><p class=\"gutentor-single-item-desc\">ein Projekt der Christuskirche* in Hamburg Altona.<\/p><a class=\"gutentor-button gutentor-single-item-button gutentor-icon-hide\" href=\"https:\/\/meine2gesichter.de\/hamburg\/gallery\"><i class=\"gutentor-button-icon fas fa-book\"><\/i><span>zur Gallery<\/span><\/a><\/div><\/div><\/div><\/div><\/div><\/div><div class=\"gutentor-slider-item\"><div class=\"gutentor-single-item gutentor-single-item-1\"><div class=\"gutentor-single-item-wrap\"><div class=\"gutentor-single-item-image-box\"><div class=\"gutentor-bg-image\"><\/div><\/div><div class=\"gutentor-single-item-content\"><div class=\"grid-container\"><div class=\"slider-caption text-center\"><h2 class=\"gutentor-single-item-title\"><strong>\u201aMeine 2 Gesichter\u2018<\/strong><\/h2><p class=\"gutentor-single-item-desc\">ein Projekt der Christuskirche* in Hamburg Altona.<\/p><a class=\"gutentor-button gutentor-single-item-button gutentor-icon-hide\" href=\"https:\/\/meine2gesichter.de\/hamburg\/gallery\"><i class=\"gutentor-button-icon fas fa-book\"><\/i><span>zur Gallery<\/span><\/a><\/div><\/div><\/div><\/div><\/div><\/div><\/div><\/div><\/section>\n\n\n\n<a name=\"beschreibung\"><\/a>\n\n\n\n<section id=\"section-6928a93c-25de-40fb-9471-f5c47fc6a402\" class=\"wp-block-gutentor-icon-box alignwide gutentor-section gutentor-icon-wrapper icon-template1 has-color-bg has-custom-bg\"><div class=\"grid-container\"><div class=\"gutentor-block-header\"><div class=\"gutentor-section-title enable-title-design seperator-bottom text-center\"><h1 class=\"gutentor-title\">Projektbeschreibung<\/h1><\/div><\/div><div class=\"grid-row gutentor-grid-item-wrap\"><div class=\"gutentor-grid-column grid-lg-4 grid-md-6 grid-12\"><div class=\"gutentor-single-item gutentor-icon gutentor-single-item-0\"><div class=\"gutentor-single-item-wrap\"><div class=\"gutentor-single-item-icon-box\"><i class=\"fas fa-hashtag\"><\/i><\/div><div class=\"gutentor-single-item-content\"><h3 class=\"gutentor-single-item-title\">Seit Ende April geh\u00f6ren Masken zum Alltag. <\/h3><p class=\"gutentor-single-item-desc\">Menschen verbergen ihre Gesichter hinter Masken. Sie tun dies nicht, weil sie nicht gesehen werden wollen, sondern weil sie damit andere Menschen sch\u00fctzen wollen.<\/p><\/div><\/div><\/div><\/div><div class=\"gutentor-grid-column grid-lg-4 grid-md-6 grid-12\"><div class=\"gutentor-single-item gutentor-icon gutentor-single-item-1\"><div class=\"gutentor-single-item-wrap\"><div class=\"gutentor-single-item-icon-box\"><i class=\"fas fa-angle-double-right\"><\/i><\/div><div class=\"gutentor-single-item-content\"><h3 class=\"gutentor-single-item-title\">Gesichter mit Masken f\u00fchren aber auch dazu,&#8230;<\/h3><p class=\"gutentor-single-item-desc\">&#8230; dass das Miteinander erschwert ist. Die Gesichtsmimik ist nicht mehr Teil der Kommunikation. Ungewollt \u201averstecken\u2018 Menschen sich, k\u00f6nnen sich weniger frei und offen unterhalten und begegnen.<\/p><\/div><\/div><\/div><\/div><div class=\"gutentor-grid-column grid-lg-4 grid-md-6 grid-12\"><div class=\"gutentor-single-item gutentor-icon gutentor-single-item-2\"><div class=\"gutentor-single-item-wrap\"><div class=\"gutentor-single-item-icon-box\"><i class=\"fas fa-asterisk\"><\/i><\/div><div class=\"gutentor-single-item-content\"><h3 class=\"gutentor-single-item-title\">Mit dem Projekt \u201aMeine 2 Gesichter\u2018&#8230;<\/h3><p class=\"gutentor-single-item-desc\">&#8230;m\u00f6chte die Christuskirche die Themen Pers\u00f6nlichkeit, Individualit\u00e4t, Kommunikation und Gemeinschaft fotografisch dokumentieren und zum Austausch anregen.<\/p><\/div><\/div><\/div><\/div><\/div><\/div><\/section>\n\n\n\n<div class=\"wp-container-3 wp-block-group alignwide\"><div class=\"wp-block-group__inner-container\">\n<div class=\"wp-container-2 wp-block-group alignwide\"><div class=\"wp-block-group__inner-container\">\n<div class=\"wp-container-1 wp-block-group alignwide\"><div class=\"wp-block-group__inner-container\">\n<a name=\"ablauf\"><\/a>\n\n\n\n<section id=\"section-50ea5282-5f65-4fa1-971b-e3f0a9b9b4ca\" class=\"wp-block-gutentor-timeline alignwide gutentor-section gutentor-timeline cssanimations timeline-template1 has-color-bg has-custom-bg wow animated undefined first-item-active ablauf\"><div class=\"grid-container\"><div class=\"gutentor-block-header\"><div class=\"gutentor-section-title enable-title-design seperator-bottom text-center\"><h1 class=\"gutentor-title\">Ablauf<\/h1><\/div><\/div><div class=\"gutentor-grid-item-wrap\"><div class=\"gutentor-timeline-wrapper\"><div class=\"gutentor-single-item gutentor-single-item-0 gutentor-even\"><div class=\"gutentor-timeline-item\"><div class=\"gutentor-single-item-wrap\"><div class=\"gutentor-timeline-item-circle\"><\/div><div class=\"gutentor-single-item-wrapper\"><div class=\"gutentor-single-item-content gutentor-timeline-item-content\"><div class=\"gutentor-timeline-item-org-title\"><h5 class=\"gutentor-timeline-item-heading-name\">Erster Fototermin Dienstag 5. Mai &#8211; Freitag 8. Mai<br>&amp; Dienstag 12. Mai \u2013 Freitag, 15.Mai<\/h5><span class=\"gutentor-timeline-item-duration\">jeweils von 11:00 &#8211; 16:00 Uhr<\/span><\/div><h3 class=\"gutentor-single-item-title\">Beim ersten Fototermin&#8230;<\/h3><p class=\"gutentor-single-item-desc\">&#8230; werden die G\u00e4ste mit Maske fotografiert. <\/p><\/div><\/div><\/div><\/div><\/div><div class=\"gutentor-single-item gutentor-single-item-1 gutentor-odd\"><div class=\"gutentor-timeline-item\"><div class=\"gutentor-single-item-wrap\"><div class=\"gutentor-timeline-item-circle\"><\/div><div class=\"gutentor-single-item-wrapper\"><div class=\"gutentor-single-item-content gutentor-timeline-item-content\"><div class=\"gutentor-timeline-item-org-title\"><h5 class=\"gutentor-timeline-item-heading-name\">Zweiter Fototermin<\/h5><span class=\"gutentor-timeline-item-duration\">dieser wird festgelegt und bekanntgegeben, sobald die Maskenpflicht endet.<\/span><\/div><h3 class=\"gutentor-single-item-title\">Bei einem zweite Fototermin&#8230;<\/h3><p class=\"gutentor-single-item-desc\">&#8230; werden die G\u00e4ste ohne Maske fotografiert.<br> <\/p><\/div><\/div><\/div><\/div><\/div><div class=\"gutentor-single-item gutentor-single-item-2 gutentor-even\"><div class=\"gutentor-timeline-item\"><div class=\"gutentor-single-item-wrap\"><div class=\"gutentor-timeline-item-circle\"><\/div><div class=\"gutentor-single-item-wrapper\"><div class=\"gutentor-single-item-content gutentor-timeline-item-content\"><div class=\"gutentor-timeline-item-org-title\"><h5 class=\"gutentor-timeline-item-heading-name\">Ausstellung<\/h5><span class=\"gutentor-timeline-item-duration\">(Termin wird bekanntgegeben)<\/span><\/div><h3 class=\"gutentor-single-item-title\">In einer Ausstellung,&#8230;<\/h3><p class=\"gutentor-single-item-desc\">&#8230; die sich anschlie\u00dfen wird, wenn Ausstellungen in \u00f6ffentlichen Geb\u00e4uden wieder m\u00f6glich sind, werden jeweils zwei Bilder einer Person nebeneinander ausgestellt.<\/p><\/div><\/div><\/div><\/div><\/div><div class=\"gutentor-single-item gutentor-single-item-3 gutentor-odd\"><div class=\"gutentor-timeline-item\"><div class=\"gutentor-single-item-wrap\"><div class=\"gutentor-timeline-item-circle\"><\/div><div class=\"gutentor-single-item-wrapper\"><div class=\"gutentor-single-item-content gutentor-timeline-item-content\"><div class=\"gutentor-timeline-item-org-title\"><h5 class=\"gutentor-timeline-item-heading-name\">verschiende Veranstaltungen<\/h5><span class=\"gutentor-timeline-item-duration\">Begleitend zur Ausstellung<\/span><\/div><h3 class=\"gutentor-single-item-title\">Begleitend zur Ausstellung,&#8230;<\/h3><p class=\"gutentor-single-item-desc\">&#8230; die etwa vier Wochen lang in der Christuskirche in Altona, Suttnerstr.18, direkt S-Bahn Holstenstr., zu sehen sein wird, wird die Kirchengemeinde einzelne Veranstaltungen rund um die Themen Pers\u00f6nlichkeit, Individualit\u00e4t, Kommunikation und Gemeinschaft anbieten.<\/p><\/div><\/div><\/div><\/div><\/div><div class=\"gutentor-single-item gutentor-single-item-4 gutentor-even\"><div class=\"gutentor-timeline-item\"><div class=\"gutentor-single-item-wrap\"><div class=\"gutentor-timeline-item-circle\"><\/div><div class=\"gutentor-single-item-wrapper\"><div class=\"gutentor-single-item-content gutentor-timeline-item-content\"><div class=\"gutentor-timeline-item-org-title\"><h5 class=\"gutentor-timeline-item-heading-name\">Ende der Ausstellung<\/h5><span class=\"gutentor-timeline-item-duration\"><\/span><\/div><h3 class=\"gutentor-single-item-title\">Nach Ende der Ausstellung&#8230;<\/h3><p class=\"gutentor-single-item-desc\">&#8230; erhalten die beteiligten Personen dann ihre beiden Portraitbilder in A4-Gr\u00f6\u00dfe ebenso wie das digitale Originalbild als Dank f\u00fcr die Mitgestaltung der Ausstellung kostenlos.<\/p><\/div><\/div><\/div><\/div><\/div><\/div><\/div><\/div><\/section>\n<\/div><\/div>\n<\/div><\/div>\n<\/div><\/div>\n\n\n\n<section id=\"section-1119bc28-3bec-4cbf-84ec-e53ce232e3de\" class=\"wp-block-gutentor-call-to-action alignwide gutentor-section  gutentor-calltoaction call-to-action-template1 has-image-bg has-custom-bg\"><div class=\"grid-container\"><div class=\"gutentor-grid-item-wrap\"><div class=\"gutentor-single-item\"><div class=\"gutentor-single-item-content\"><h3 class=\"gutentor-single-item-title\">Wie kann ich mitmachen?<\/h3><div class=\"gutentor-single-item-desc\"><p class=\"gutentor-single-item-desc\">Ganz einfach!<br>Du kommst zu einem ersten Fototermin an die Christuskirche, Suttnerstr.18, und l\u00e4sst dich mit deiner Maske f\u00fcr die Aktion \u201aMeine 2 Gesichter\u2018.<br>Das Fotostudio ist von Dienstag, 5.- Freitag, 8.Mai, jeweils von 11:00 \u2013 16:00 Uhr vor der Christuskirche open air zu finden.<br>Bitte denke 1.) daran, deine Maske mitzubringen und 2.) den n\u00f6tigen Abstand zu anderen Personen einzuhalten.<br><br>Vor Ort bitten wir dich, eine Erkl\u00e4rung zu unterschreiben, damit wir uns sicher sein k\u00f6nnen, dass wir demn\u00e4chst nicht mit Anw\u00e4lten zu tun haben<br>(Datenschutz und so \u2026.)<br><br>Per E-Mail wirst du deine Foto-ID bekommen.<br>Diese Nummer brauchen wir, wenn du dich das zweite Mal fotografieren l\u00e4sst.<br><br>Zum zweiten Fotoshooting werden wir dich per E-Mail oder WhatsApp einladen.<br>Bitte merke dir daf\u00fcr die ID deines ersten Bildes, hinterlege sie irgendwo, wo du sie wiederfindest.<br><br>Und dann bekommst du noch einmal eine E-Mail oder eine Whats App von uns.<br>Wir geben dir darin den Zeitpunkt der Ausstellung bekannt.<br><br>Und wir freuen uns riesig, wenn du dann dabei bist und wir uns wieder \u201anormal\u2018 begegnen k\u00f6nnen.<br><br>Nach der Ausstellung erh\u00e4lst du, wenn du m\u00f6chtest, deine beiden Bilder als Fotoabzug in A4 sowie die Originaldatei in digitaler Form (ca. 2-4 MB).<br><br>Alles klar?<br>Wenn nicht, dann melde dich bei pastor@christuskirche.de<\/p><\/div><div class=\"gutentor-button-group\"><\/div><\/div><\/div><\/div><\/div><\/section>\n\n\n<p><div class=\"leaflet-map WPLeafletMap\" style=\"height:480px; width:100%;\"><\/div><script>\nwindow.WPLeafletMapPlugin = window.WPLeafletMapPlugin || [];\nwindow.WPLeafletMapPlugin.push(function WPLeafletMapShortcode() {\/*<script>*\/\nvar baseUrl = atob('aHR0cHM6Ly97c30udGlsZS5vcGVuc3RyZWV0bWFwLm9yZy97en0ve3h9L3t5fS5wbmc=');\nvar base = (!baseUrl && window.MQ) ?\n    window.MQ.mapLayer() : L.tileLayer(baseUrl,\n        L.Util.extend({}, {\n            detectRetina: 0,\n        },\n        {\"subdomains\":\"abc\",\"noWrap\":false,\"maxZoom\":20}        )\n    );\n    var options = L.Util.extend({}, {\n        layers: [base],\n        attributionControl: false\n    },\n    {\"boxZoom\":false,\"touchZoom\":false,\"keyboard\":false,\"zoomControl\":false,\"scrollWheelZoom\":false,\"doubleClickZoom\":false,\"fitBounds\":false,\"minZoom\":0,\"maxZoom\":20,\"maxBounds\":null},\n    {});\nwindow.WPLeafletMapPlugin.createMap(options).setView([53.5611225,9.950145414281],17);});<\/script> <script>\nwindow.WPLeafletMapPlugin = window.WPLeafletMapPlugin || [];\nwindow.WPLeafletMapPlugin.push(function WPLeafletMarkerShortcode() {\/*<script>*\/\nvar map = window.WPLeafletMapPlugin.getCurrentMap();\nvar group = window.WPLeafletMapPlugin.getCurrentGroup();\nvar marker_options = window.WPLeafletMapPlugin.getIconOptions({\"svg\":true,\"background\":\"#777\",\"iconClass\":\"dashicons dashicons-star-filled\",\"color\":\"gold\"});\nvar marker = new L.SVGMarker(\n    [53.5611225,9.950145414281],\n    marker_options\n);\nvar is_image = map.is_image_map;\nif (marker_options.draggable) {\n    marker.on('dragend', function () {\n        var latlng = this.getLatLng();\n        var lat = latlng.lat;\n        var lng = latlng.lng;\n        if (is_image) {\n            console.log('leaflet-marker y=' + lat + ' x=' + lng);\n        } else {\n            console.log('leaflet-marker lat=' + lat + ' lng=' + lng);\n        }\n    });\n}\nmarker.addTo( group );\nwindow.WPLeafletMapPlugin.markers.push( marker );\n        });<\/script><\/p>\n\n\n\n<div class=\"wp-container-4 wp-block-group alignfull\"><div class=\"wp-block-group__inner-container\"><\/div><\/div>\n\n\n\n<p><\/p>\n","protected":false},"excerpt":{"rendered":"","protected":false},"author":1,"featured_media":0,"parent":0,"menu_order":0,"comment_status":"closed","ping_status":"closed","template":"elementor_header_footer","meta":[],"_links":{"self":[{"href":"https:\/\/meine2gesichter.de\/hamburg\/wp-json\/wp\/v2\/pages\/219"}],"collection":[{"href":"https:\/\/meine2gesichter.de\/hamburg\/wp-json\/wp\/v2\/pages"}],"about":[{"href":"https:\/\/meine2gesichter.de\/hamburg\/wp-json\/wp\/v2\/types\/page"}],"author":[{"embeddable":true,"href":"https:\/\/meine2gesichter.de\/hamburg\/wp-json\/wp\/v2\/users\/1"}],"replies":[{"embeddable":true,"href":"https:\/\/meine2gesichter.de\/hamburg\/wp-json\/wp\/v2\/comments?post=219"}],"version-history":[{"count":76,"href":"https:\/\/meine2gesichter.de\/hamburg\/wp-json\/wp\/v2\/pages\/219\/revisions"}],"predecessor-version":[{"id":477,"href":"https:\/\/meine2gesichter.de\/hamburg\/wp-json\/wp\/v2\/pages\/219\/revisions\/477"}],"wp:attachment":[{"href":"https:\/\/meine2gesichter.de\/hamburg\/wp-json\/wp\/v2\/media?parent=219"}],"curies":[{"name":"wp","href":"https:\/\/api.w.org\/{rel}","templated":true}]}}